{"id":2862,"date":"2020-10-13T09:32:25","date_gmt":"2020-10-13T13:32:25","guid":{"rendered":"http:\/\/www.coractive.com\/?page_id=2862"},"modified":"2026-02-13T19:14:14","modified_gmt":"2026-02-14T00:14:14","slug":"politique-de-confidentialite","status":"publish","type":"page","link":"https:\/\/www.coractive.com\/fr\/politique-de-confidentialite\/","title":{"rendered":"Politique de confidentialit\u00e9"},"content":{"rendered":"","protected":false},"excerpt":{"rendered":"","protected":false},"author":8,"featured_media":0,"parent":0,"menu_order":0,"comment_status":"closed","ping_status":"closed","template":"","meta":{"_acf_changed":false,"footnotes":""},"class_list":["post-2862","page","type-page","status-publish","hentry"],"acf":[],"yoast_head":"<!-- This site is optimized with the Yoast SEO plugin v27.3 - https:\/\/yoast.com\/product\/yoast-seo-wordpress\/ -->\n<title>Politique de confidentialit\u00e9 - Coractive<\/title>\n<meta name=\"description\" content=\"Cette politique de confidentialit\u00e9 vous indique comment nous utilisons les informations personnelles collect\u00e9es sur ce site internet. Contactez-nous pour plus d&#039;informations.\" \/>\n<meta name=\"robots\" content=\"index, follow, max-snippet:-1, max-image-preview:large, max-video-preview:-1\" \/>\n<link rel=\"canonical\" href=\"https:\/\/www.coractive.com\/privacy-policy\/\" \/>\n<meta property=\"og:locale\" content=\"fr_FR\" \/>\n<meta property=\"og:type\" content=\"article\" \/>\n<meta property=\"og:title\" content=\"Politique de confidentialit\u00e9 - Coractive\" \/>\n<meta property=\"og:description\" content=\"Cette politique de confidentialit\u00e9 vous indique comment nous utilisons les informations personnelles collect\u00e9es sur ce site internet. Contactez-nous pour plus d&#039;informations.\" \/>\n<meta property=\"og:url\" content=\"https:\/\/www.coractive.com\/privacy-policy\/\" \/>\n<meta property=\"og:site_name\" content=\"Coractive\" \/>\n<meta property=\"article:publisher\" content=\"https:\/\/www.facebook.com\/CorActive\" \/>\n<meta property=\"article:modified_time\" content=\"2026-02-14T00:14:14+00:00\" \/>\n<meta property=\"og:image\" content=\"https:\/\/www.coractive.com\/wp-content\/uploads\/2020\/09\/capture-decran-2020-09-28-a-21.15.47.png\" \/>\n\t<meta property=\"og:image:width\" content=\"193\" \/>\n\t<meta property=\"og:image:height\" content=\"102\" \/>\n\t<meta property=\"og:image:type\" content=\"image\/png\" \/>\n<meta name=\"twitter:card\" content=\"summary_large_image\" \/>\n<meta name=\"twitter:site\" content=\"@CorActive\" \/>\n<script type=\"application\/ld+json\" class=\"yoast-schema-graph\">{\"@context\":\"https:\\\/\\\/schema.org\",\"@graph\":[{\"@type\":\"WebPage\",\"@id\":\"https:\\\/\\\/www.coractive.com\\\/privacy-policy\\\/\",\"url\":\"https:\\\/\\\/www.coractive.com\\\/privacy-policy\\\/\",\"name\":\"Politique de confidentialit\u00e9 - Coractive\",\"isPartOf\":{\"@id\":\"https:\\\/\\\/www.coractive.com\\\/#website\"},\"datePublished\":\"2020-10-13T13:32:25+00:00\",\"dateModified\":\"2026-02-14T00:14:14+00:00\",\"description\":\"Cette politique de confidentialit\u00e9 vous indique comment nous utilisons les informations personnelles collect\u00e9es sur ce site internet. Contactez-nous pour plus d'informations.\",\"breadcrumb\":{\"@id\":\"https:\\\/\\\/www.coractive.com\\\/privacy-policy\\\/#breadcrumb\"},\"inLanguage\":\"fr-FR\",\"potentialAction\":[{\"@type\":\"ReadAction\",\"target\":[\"https:\\\/\\\/www.coractive.com\\\/privacy-policy\\\/\"]}]},{\"@type\":\"BreadcrumbList\",\"@id\":\"https:\\\/\\\/www.coractive.com\\\/privacy-policy\\\/#breadcrumb\",\"itemListElement\":[{\"@type\":\"ListItem\",\"position\":1,\"name\":\"Home\",\"item\":\"https:\\\/\\\/www.coractive.com\\\/fr\\\/\"},{\"@type\":\"ListItem\",\"position\":2,\"name\":\"Politique de confidentialit\u00e9\"}]},{\"@type\":\"WebSite\",\"@id\":\"https:\\\/\\\/www.coractive.com\\\/#website\",\"url\":\"https:\\\/\\\/www.coractive.com\\\/\",\"name\":\"Coractive\",\"description\":\"\",\"inLanguage\":\"fr-FR\"}]}<\/script>\n<!-- \/ Yoast SEO plugin. -->","yoast_head_json":{"title":"Politique de confidentialit\u00e9 - Coractive","description":"Cette politique de confidentialit\u00e9 vous indique comment nous utilisons les informations personnelles collect\u00e9es sur ce site internet. Contactez-nous pour plus d'informations.","robots":{"index":"index","follow":"follow","max-snippet":"max-snippet:-1","max-image-preview":"max-image-preview:large","max-video-preview":"max-video-preview:-1"},"canonical":"https:\/\/www.coractive.com\/privacy-policy\/","og_locale":"fr_FR","og_type":"article","og_title":"Politique de confidentialit\u00e9 - Coractive","og_description":"Cette politique de confidentialit\u00e9 vous indique comment nous utilisons les informations personnelles collect\u00e9es sur ce site internet. Contactez-nous pour plus d'informations.","og_url":"https:\/\/www.coractive.com\/privacy-policy\/","og_site_name":"Coractive","article_publisher":"https:\/\/www.facebook.com\/CorActive","article_modified_time":"2026-02-14T00:14:14+00:00","og_image":[{"width":193,"height":102,"url":"https:\/\/www.coractive.com\/wp-content\/uploads\/2020\/09\/capture-decran-2020-09-28-a-21.15.47.png","type":"image\/png"}],"twitter_card":"summary_large_image","twitter_site":"@CorActive","schema":{"@context":"https:\/\/schema.org","@graph":[{"@type":"WebPage","@id":"https:\/\/www.coractive.com\/privacy-policy\/","url":"https:\/\/www.coractive.com\/privacy-policy\/","name":"Politique de confidentialit\u00e9 - Coractive","isPartOf":{"@id":"https:\/\/www.coractive.com\/#website"},"datePublished":"2020-10-13T13:32:25+00:00","dateModified":"2026-02-14T00:14:14+00:00","description":"Cette politique de confidentialit\u00e9 vous indique comment nous utilisons les informations personnelles collect\u00e9es sur ce site internet. Contactez-nous pour plus d'informations.","breadcrumb":{"@id":"https:\/\/www.coractive.com\/privacy-policy\/#breadcrumb"},"inLanguage":"fr-FR","potentialAction":[{"@type":"ReadAction","target":["https:\/\/www.coractive.com\/privacy-policy\/"]}]},{"@type":"BreadcrumbList","@id":"https:\/\/www.coractive.com\/privacy-policy\/#breadcrumb","itemListElement":[{"@type":"ListItem","position":1,"name":"Home","item":"https:\/\/www.coractive.com\/fr\/"},{"@type":"ListItem","position":2,"name":"Politique de confidentialit\u00e9"}]},{"@type":"WebSite","@id":"https:\/\/www.coractive.com\/#website","url":"https:\/\/www.coractive.com\/","name":"Coractive","description":"","inLanguage":"fr-FR"}]}},"_links":{"self":[{"href":"https:\/\/www.coractive.com\/fr\/wp-json\/wp\/v2\/pages\/2862","targetHints":{"allow":["GET"]}}],"collection":[{"href":"https:\/\/www.coractive.com\/fr\/wp-json\/wp\/v2\/pages"}],"about":[{"href":"https:\/\/www.coractive.com\/fr\/wp-json\/wp\/v2\/types\/page"}],"author":[{"embeddable":true,"href":"https:\/\/www.coractive.com\/fr\/wp-json\/wp\/v2\/users\/8"}],"replies":[{"embeddable":true,"href":"https:\/\/www.coractive.com\/fr\/wp-json\/wp\/v2\/comments?post=2862"}],"version-history":[{"count":28,"href":"https:\/\/www.coractive.com\/fr\/wp-json\/wp\/v2\/pages\/2862\/revisions"}],"predecessor-version":[{"id":6949,"href":"https:\/\/www.coractive.com\/fr\/wp-json\/wp\/v2\/pages\/2862\/revisions\/6949"}],"wp:attachment":[{"href":"https:\/\/www.coractive.com\/fr\/wp-json\/wp\/v2\/media?parent=2862"}],"curies":[{"name":"wp","href":"https:\/\/api.w.org\/{rel}","templated":true}]}}