{"id":166,"date":"2020-05-06T16:19:57","date_gmt":"2020-05-06T20:19:57","guid":{"rendered":"http:\/\/www.coractive.com\/?page_id=166"},"modified":"2024-05-17T13:52:49","modified_gmt":"2024-05-17T17:52:49","slug":"applications","status":"publish","type":"page","link":"https:\/\/www.coractive.com\/fr\/applications\/","title":{"rendered":"Applications"},"content":{"rendered":"","protected":false},"excerpt":{"rendered":"","protected":false},"author":8,"featured_media":0,"parent":0,"menu_order":0,"comment_status":"closed","ping_status":"closed","template":"","meta":{"_acf_changed":false,"footnotes":""},"class_list":["post-166","page","type-page","status-publish","hentry"],"acf":[],"yoast_head":"<!-- This site is optimized with the Yoast SEO plugin v27.3 - https:\/\/yoast.com\/product\/yoast-seo-wordpress\/ -->\n<title>Application de la fibre optique - Fibre optique sp\u00e9cialis\u00e9e | Coractive<\/title>\n<meta name=\"description\" content=\"Les applications de la fibre optique sont nombreuses. D\u00e9couvrez-les!\" \/>\n<meta name=\"robots\" content=\"index, follow, max-snippet:-1, max-image-preview:large, max-video-preview:-1\" \/>\n<link rel=\"canonical\" href=\"https:\/\/www.coractive.com\/fr\/applications\/\" \/>\n<meta property=\"og:locale\" content=\"fr_FR\" \/>\n<meta property=\"og:type\" content=\"article\" \/>\n<meta property=\"og:title\" content=\"Application de la fibre optique - Fibre optique sp\u00e9cialis\u00e9e | Coractive\" \/>\n<meta property=\"og:description\" content=\"Les applications de la fibre optique sont nombreuses. D\u00e9couvrez-les!\" \/>\n<meta property=\"og:url\" content=\"https:\/\/www.coractive.com\/fr\/applications\/\" \/>\n<meta property=\"og:site_name\" content=\"Coractive\" \/>\n<meta property=\"article:publisher\" content=\"https:\/\/www.facebook.com\/CorActive\" \/>\n<meta property=\"article:modified_time\" content=\"2024-05-17T17:52:49+00:00\" \/>\n<meta property=\"og:image\" content=\"https:\/\/www.coractive.com\/wp-content\/uploads\/2020\/09\/capture-decran-2020-09-28-a-21.15.47.png\" \/>\n\t<meta property=\"og:image:width\" content=\"193\" \/>\n\t<meta property=\"og:image:height\" content=\"102\" \/>\n\t<meta property=\"og:image:type\" content=\"image\/png\" \/>\n<meta name=\"twitter:card\" content=\"summary_large_image\" \/>\n<meta name=\"twitter:site\" content=\"@CorActive\" \/>\n<script type=\"application\/ld+json\" class=\"yoast-schema-graph\">{\"@context\":\"https:\\\/\\\/schema.org\",\"@graph\":[{\"@type\":\"WebPage\",\"@id\":\"https:\\\/\\\/www.coractive.com\\\/fr\\\/applications\\\/\",\"url\":\"https:\\\/\\\/www.coractive.com\\\/fr\\\/applications\\\/\",\"name\":\"Application de la fibre optique - Fibre optique sp\u00e9cialis\u00e9e | Coractive\",\"isPartOf\":{\"@id\":\"https:\\\/\\\/www.coractive.com\\\/#website\"},\"datePublished\":\"2020-05-06T20:19:57+00:00\",\"dateModified\":\"2024-05-17T17:52:49+00:00\",\"description\":\"Les applications de la fibre optique sont nombreuses. D\u00e9couvrez-les!\",\"breadcrumb\":{\"@id\":\"https:\\\/\\\/www.coractive.com\\\/fr\\\/applications\\\/#breadcrumb\"},\"inLanguage\":\"fr-FR\",\"potentialAction\":[{\"@type\":\"ReadAction\",\"target\":[\"https:\\\/\\\/www.coractive.com\\\/fr\\\/applications\\\/\"]}]},{\"@type\":\"BreadcrumbList\",\"@id\":\"https:\\\/\\\/www.coractive.com\\\/fr\\\/applications\\\/#breadcrumb\",\"itemListElement\":[{\"@type\":\"ListItem\",\"position\":1,\"name\":\"Home\",\"item\":\"https:\\\/\\\/www.coractive.com\\\/fr\\\/\"},{\"@type\":\"ListItem\",\"position\":2,\"name\":\"Applications\"}]},{\"@type\":\"WebSite\",\"@id\":\"https:\\\/\\\/www.coractive.com\\\/#website\",\"url\":\"https:\\\/\\\/www.coractive.com\\\/\",\"name\":\"Coractive\",\"description\":\"\",\"inLanguage\":\"fr-FR\"}]}<\/script>\n<!-- \/ Yoast SEO plugin. -->","yoast_head_json":{"title":"Application de la fibre optique - Fibre optique sp\u00e9cialis\u00e9e | Coractive","description":"Les applications de la fibre optique sont nombreuses. D\u00e9couvrez-les!","robots":{"index":"index","follow":"follow","max-snippet":"max-snippet:-1","max-image-preview":"max-image-preview:large","max-video-preview":"max-video-preview:-1"},"canonical":"https:\/\/www.coractive.com\/fr\/applications\/","og_locale":"fr_FR","og_type":"article","og_title":"Application de la fibre optique - Fibre optique sp\u00e9cialis\u00e9e | Coractive","og_description":"Les applications de la fibre optique sont nombreuses. D\u00e9couvrez-les!","og_url":"https:\/\/www.coractive.com\/fr\/applications\/","og_site_name":"Coractive","article_publisher":"https:\/\/www.facebook.com\/CorActive","article_modified_time":"2024-05-17T17:52:49+00:00","og_image":[{"width":193,"height":102,"url":"https:\/\/www.coractive.com\/wp-content\/uploads\/2020\/09\/capture-decran-2020-09-28-a-21.15.47.png","type":"image\/png"}],"twitter_card":"summary_large_image","twitter_site":"@CorActive","schema":{"@context":"https:\/\/schema.org","@graph":[{"@type":"WebPage","@id":"https:\/\/www.coractive.com\/fr\/applications\/","url":"https:\/\/www.coractive.com\/fr\/applications\/","name":"Application de la fibre optique - Fibre optique sp\u00e9cialis\u00e9e | Coractive","isPartOf":{"@id":"https:\/\/www.coractive.com\/#website"},"datePublished":"2020-05-06T20:19:57+00:00","dateModified":"2024-05-17T17:52:49+00:00","description":"Les applications de la fibre optique sont nombreuses. D\u00e9couvrez-les!","breadcrumb":{"@id":"https:\/\/www.coractive.com\/fr\/applications\/#breadcrumb"},"inLanguage":"fr-FR","potentialAction":[{"@type":"ReadAction","target":["https:\/\/www.coractive.com\/fr\/applications\/"]}]},{"@type":"BreadcrumbList","@id":"https:\/\/www.coractive.com\/fr\/applications\/#breadcrumb","itemListElement":[{"@type":"ListItem","position":1,"name":"Home","item":"https:\/\/www.coractive.com\/fr\/"},{"@type":"ListItem","position":2,"name":"Applications"}]},{"@type":"WebSite","@id":"https:\/\/www.coractive.com\/#website","url":"https:\/\/www.coractive.com\/","name":"Coractive","description":"","inLanguage":"fr-FR"}]}},"_links":{"self":[{"href":"https:\/\/www.coractive.com\/fr\/wp-json\/wp\/v2\/pages\/166","targetHints":{"allow":["GET"]}}],"collection":[{"href":"https:\/\/www.coractive.com\/fr\/wp-json\/wp\/v2\/pages"}],"about":[{"href":"https:\/\/www.coractive.com\/fr\/wp-json\/wp\/v2\/types\/page"}],"author":[{"embeddable":true,"href":"https:\/\/www.coractive.com\/fr\/wp-json\/wp\/v2\/users\/8"}],"replies":[{"embeddable":true,"href":"https:\/\/www.coractive.com\/fr\/wp-json\/wp\/v2\/comments?post=166"}],"version-history":[{"count":34,"href":"https:\/\/www.coractive.com\/fr\/wp-json\/wp\/v2\/pages\/166\/revisions"}],"predecessor-version":[{"id":6480,"href":"https:\/\/www.coractive.com\/fr\/wp-json\/wp\/v2\/pages\/166\/revisions\/6480"}],"wp:attachment":[{"href":"https:\/\/www.coractive.com\/fr\/wp-json\/wp\/v2\/media?parent=166"}],"curies":[{"name":"wp","href":"https:\/\/api.w.org\/{rel}","templated":true}]}}