{"id":152,"date":"2020-05-06T16:14:32","date_gmt":"2020-05-06T20:14:32","guid":{"rendered":"http:\/\/www.coractive.com\/?page_id=152"},"modified":"2025-02-14T15:26:45","modified_gmt":"2025-02-14T20:26:45","slug":"a-propos","status":"publish","type":"page","link":"https:\/\/www.coractive.com\/fr\/a-propos\/","title":{"rendered":"\u00c0 propos"},"content":{"rendered":"","protected":false},"excerpt":{"rendered":"","protected":false},"author":8,"featured_media":0,"parent":0,"menu_order":0,"comment_status":"closed","ping_status":"closed","template":"","meta":{"_acf_changed":false,"footnotes":""},"class_list":["post-152","page","type-page","status-publish","hentry"],"acf":[],"yoast_head":"<!-- This site is optimized with the Yoast SEO plugin v27.3 - https:\/\/yoast.com\/product\/yoast-seo-wordpress\/ -->\n<title>Fabricant de fibres optiques depuis 1998 - \u00c0 propos | Coractive<\/title>\n<meta name=\"description\" content=\"D\u00e9couvrez pourquoi Coractive est plus qu&#039;un simple fabricant de fibres optiques et de lasers. Nous vous aidons \u00e0 devenir un leader du march\u00e9.\" \/>\n<meta name=\"robots\" content=\"index, follow, max-snippet:-1, max-image-preview:large, max-video-preview:-1\" \/>\n<link rel=\"canonical\" href=\"https:\/\/www.coractive.com\/fr\/a-propos\/\" \/>\n<meta property=\"og:locale\" content=\"fr_FR\" \/>\n<meta property=\"og:type\" content=\"article\" \/>\n<meta property=\"og:title\" content=\"Fabricant de fibres optiques depuis 1998 - \u00c0 propos | Coractive\" \/>\n<meta property=\"og:description\" content=\"Coractive est plus qu&#039;un simple fabricant de fibres optiques et de lasers\" \/>\n<meta property=\"og:url\" content=\"https:\/\/www.coractive.com\/fr\/a-propos\/\" \/>\n<meta property=\"og:site_name\" content=\"Coractive\" \/>\n<meta property=\"article:publisher\" content=\"https:\/\/www.facebook.com\/CorActive\" \/>\n<meta property=\"article:modified_time\" content=\"2025-02-14T20:26:45+00:00\" \/>\n<meta property=\"og:image\" content=\"https:\/\/www.coractive.com\/wp-content\/uploads\/2020\/10\/glass-perform-vignette.png\" \/>\n\t<meta property=\"og:image:width\" content=\"800\" \/>\n\t<meta property=\"og:image:height\" content=\"800\" \/>\n\t<meta property=\"og:image:type\" content=\"image\/png\" \/>\n<meta name=\"twitter:card\" content=\"summary_large_image\" \/>\n<meta name=\"twitter:title\" content=\"Fabricant de fibres optiques depuis 1998 - \u00c0 propos | CorActive\" \/>\n<meta name=\"twitter:description\" content=\"CorActive est plus qu&#039;un simple fabricant de fibres optiques et de lasers\" \/>\n<meta name=\"twitter:site\" content=\"@CorActive\" \/>\n<script type=\"application\/ld+json\" class=\"yoast-schema-graph\">{\"@context\":\"https:\\\/\\\/schema.org\",\"@graph\":[{\"@type\":\"WebPage\",\"@id\":\"https:\\\/\\\/www.coractive.com\\\/fr\\\/a-propos\\\/\",\"url\":\"https:\\\/\\\/www.coractive.com\\\/fr\\\/a-propos\\\/\",\"name\":\"Fabricant de fibres optiques depuis 1998 - \u00c0 propos | Coractive\",\"isPartOf\":{\"@id\":\"https:\\\/\\\/www.coractive.com\\\/#website\"},\"datePublished\":\"2020-05-06T20:14:32+00:00\",\"dateModified\":\"2025-02-14T20:26:45+00:00\",\"description\":\"D\u00e9couvrez pourquoi Coractive est plus qu'un simple fabricant de fibres optiques et de lasers. Nous vous aidons \u00e0 devenir un leader du march\u00e9.\",\"breadcrumb\":{\"@id\":\"https:\\\/\\\/www.coractive.com\\\/fr\\\/a-propos\\\/#breadcrumb\"},\"inLanguage\":\"fr-FR\",\"potentialAction\":[{\"@type\":\"ReadAction\",\"target\":[\"https:\\\/\\\/www.coractive.com\\\/fr\\\/a-propos\\\/\"]}]},{\"@type\":\"BreadcrumbList\",\"@id\":\"https:\\\/\\\/www.coractive.com\\\/fr\\\/a-propos\\\/#breadcrumb\",\"itemListElement\":[{\"@type\":\"ListItem\",\"position\":1,\"name\":\"Home\",\"item\":\"https:\\\/\\\/www.coractive.com\\\/fr\\\/\"},{\"@type\":\"ListItem\",\"position\":2,\"name\":\"\u00c0 propos\"}]},{\"@type\":\"WebSite\",\"@id\":\"https:\\\/\\\/www.coractive.com\\\/#website\",\"url\":\"https:\\\/\\\/www.coractive.com\\\/\",\"name\":\"Coractive\",\"description\":\"\",\"inLanguage\":\"fr-FR\"}]}<\/script>\n<!-- \/ Yoast SEO plugin. -->","yoast_head_json":{"title":"Fabricant de fibres optiques depuis 1998 - \u00c0 propos | Coractive","description":"D\u00e9couvrez pourquoi Coractive est plus qu'un simple fabricant de fibres optiques et de lasers. Nous vous aidons \u00e0 devenir un leader du march\u00e9.","robots":{"index":"index","follow":"follow","max-snippet":"max-snippet:-1","max-image-preview":"max-image-preview:large","max-video-preview":"max-video-preview:-1"},"canonical":"https:\/\/www.coractive.com\/fr\/a-propos\/","og_locale":"fr_FR","og_type":"article","og_title":"Fabricant de fibres optiques depuis 1998 - \u00c0 propos | Coractive","og_description":"Coractive est plus qu'un simple fabricant de fibres optiques et de lasers","og_url":"https:\/\/www.coractive.com\/fr\/a-propos\/","og_site_name":"Coractive","article_publisher":"https:\/\/www.facebook.com\/CorActive","article_modified_time":"2025-02-14T20:26:45+00:00","og_image":[{"width":800,"height":800,"url":"https:\/\/www.coractive.com\/wp-content\/uploads\/2020\/10\/glass-perform-vignette.png","type":"image\/png"}],"twitter_card":"summary_large_image","twitter_title":"Fabricant de fibres optiques depuis 1998 - \u00c0 propos | CorActive","twitter_description":"CorActive est plus qu'un simple fabricant de fibres optiques et de lasers","twitter_site":"@CorActive","schema":{"@context":"https:\/\/schema.org","@graph":[{"@type":"WebPage","@id":"https:\/\/www.coractive.com\/fr\/a-propos\/","url":"https:\/\/www.coractive.com\/fr\/a-propos\/","name":"Fabricant de fibres optiques depuis 1998 - \u00c0 propos | Coractive","isPartOf":{"@id":"https:\/\/www.coractive.com\/#website"},"datePublished":"2020-05-06T20:14:32+00:00","dateModified":"2025-02-14T20:26:45+00:00","description":"D\u00e9couvrez pourquoi Coractive est plus qu'un simple fabricant de fibres optiques et de lasers. Nous vous aidons \u00e0 devenir un leader du march\u00e9.","breadcrumb":{"@id":"https:\/\/www.coractive.com\/fr\/a-propos\/#breadcrumb"},"inLanguage":"fr-FR","potentialAction":[{"@type":"ReadAction","target":["https:\/\/www.coractive.com\/fr\/a-propos\/"]}]},{"@type":"BreadcrumbList","@id":"https:\/\/www.coractive.com\/fr\/a-propos\/#breadcrumb","itemListElement":[{"@type":"ListItem","position":1,"name":"Home","item":"https:\/\/www.coractive.com\/fr\/"},{"@type":"ListItem","position":2,"name":"\u00c0 propos"}]},{"@type":"WebSite","@id":"https:\/\/www.coractive.com\/#website","url":"https:\/\/www.coractive.com\/","name":"Coractive","description":"","inLanguage":"fr-FR"}]}},"_links":{"self":[{"href":"https:\/\/www.coractive.com\/fr\/wp-json\/wp\/v2\/pages\/152","targetHints":{"allow":["GET"]}}],"collection":[{"href":"https:\/\/www.coractive.com\/fr\/wp-json\/wp\/v2\/pages"}],"about":[{"href":"https:\/\/www.coractive.com\/fr\/wp-json\/wp\/v2\/types\/page"}],"author":[{"embeddable":true,"href":"https:\/\/www.coractive.com\/fr\/wp-json\/wp\/v2\/users\/8"}],"replies":[{"embeddable":true,"href":"https:\/\/www.coractive.com\/fr\/wp-json\/wp\/v2\/comments?post=152"}],"version-history":[{"count":65,"href":"https:\/\/www.coractive.com\/fr\/wp-json\/wp\/v2\/pages\/152\/revisions"}],"predecessor-version":[{"id":6761,"href":"https:\/\/www.coractive.com\/fr\/wp-json\/wp\/v2\/pages\/152\/revisions\/6761"}],"wp:attachment":[{"href":"https:\/\/www.coractive.com\/fr\/wp-json\/wp\/v2\/media?parent=152"}],"curies":[{"name":"wp","href":"https:\/\/api.w.org\/{rel}","templated":true}]}}